{"id":216,"date":"2023-07-13T17:06:05","date_gmt":"2023-07-13T15:06:05","guid":{"rendered":"https:\/\/www.hoteldistrictnation.com\/?page_id=216"},"modified":"2023-10-10T10:07:01","modified_gmt":"2023-10-10T08:07:01","slug":"nuestras-habitaciones","status":"publish","type":"page","link":"https:\/\/www.hoteldistrictnation.com\/es\/nuestras-habitaciones\/","title":{"rendered":"Nuestras habitaciones"},"content":{"rendered":"<p style=\"text-align: center;\">Durante tu estancia nuestra tienda hotel a dos pasos de la plaza de la Naci\u00f3n , en el districto 11 de Par\u00eds,d\u00e9jate seducir por la decoraci\u00f3n contempor\u00e1nea , sobrio y elegante,de nuestra 32 habitaciones <strong>con aire acondicionado<\/strong>.<\/p>\n<p style=\"text-align: center;\">Cada una de ellas est\u00e1 <strong>completamente renovado y equipado con toda la comodidad moderna<\/strong>: Ba\u00f1o, ropa de cama nueva EPEDA Club Royal,tel\u00e9fono,Televisi\u00f3n de pantalla plana y accesoa la WI-FI gratuita.<\/p>\n<p style=\"text-align: center;\">Dos de nuestras habitaciones est\u00e1n especialmente renovadas para <strong>recibir personas con movilidad r\u00e9ducida<\/strong> y las dos otras est\u00e1n renovadas con un hermoso entrepiso alto.<\/p>\n","protected":false},"excerpt":{"rendered":"<p>Durante tu estancia nuestra tienda hotel a dos pasos de la plaza de la Naci\u00f3n , en el districto 11 de Par\u00eds,d\u00e9jate seducir por la decoraci\u00f3n contempor\u00e1nea , sobrio y elegante,de nuestra 32 habitaciones con aire acondicionado. Cada una de ellas est\u00e1 completamente renovado y equipado con toda la comodidad moderna: Ba\u00f1o, ropa de cama [&hellip;]<\/p>\n","protected":false},"author":15,"featured_media":0,"parent":0,"menu_order":0,"comment_status":"closed","ping_status":"closed","template":"template-rooms.php","meta":{"footnotes":""},"yoast_head":"<!-- This site is optimized with the Yoast SEO plugin v22.3 - https:\/\/yoast.com\/wordpress\/plugins\/seo\/ -->\n<title>Nuestras habitaciones -<\/title>\n<meta name=\"robots\" content=\"index, follow, max-snippet:-1, max-image-preview:large, max-video-preview:-1\" \/>\n<link rel=\"canonical\" href=\"https:\/\/www.hoteldistrictnation.com\/es\/nuestras-habitaciones\/\" \/>\n<meta property=\"og:locale\" content=\"es_ES\" \/>\n<meta property=\"og:type\" content=\"article\" \/>\n<meta property=\"og:title\" content=\"Nuestras habitaciones -\" \/>\n<meta property=\"og:description\" content=\"Durante tu estancia nuestra tienda hotel a dos pasos de la plaza de la Naci\u00f3n , en el districto 11 de Par\u00eds,d\u00e9jate seducir por la decoraci\u00f3n contempor\u00e1nea , sobrio y elegante,de nuestra 32 habitaciones con aire acondicionado. Cada una de ellas est\u00e1 completamente renovado y equipado con toda la comodidad moderna: Ba\u00f1o, ropa de cama [&hellip;]\" \/>\n<meta property=\"og:url\" content=\"https:\/\/www.hoteldistrictnation.com\/es\/nuestras-habitaciones\/\" \/>\n<meta property=\"article:modified_time\" content=\"2023-10-10T08:07:01+00:00\" \/>\n<meta name=\"twitter:card\" content=\"summary_large_image\" \/>\n<meta name=\"twitter:label1\" content=\"Tiempo de lectura\" \/>\n\t<meta name=\"twitter:data1\" content=\"1 minuto\" \/>\n<script type=\"application\/ld+json\" class=\"yoast-schema-graph\">{\"@context\":\"https:\/\/schema.org\",\"@graph\":[{\"@type\":\"WebPage\",\"@id\":\"https:\/\/www.hoteldistrictnation.com\/es\/nuestras-habitaciones\/\",\"url\":\"https:\/\/www.hoteldistrictnation.com\/es\/nuestras-habitaciones\/\",\"name\":\"Nuestras habitaciones -\",\"isPartOf\":{\"@id\":\"https:\/\/www.hoteldistrictnation.com\/es\/#website\"},\"datePublished\":\"2023-07-13T15:06:05+00:00\",\"dateModified\":\"2023-10-10T08:07:01+00:00\",\"breadcrumb\":{\"@id\":\"https:\/\/www.hoteldistrictnation.com\/es\/nuestras-habitaciones\/#breadcrumb\"},\"inLanguage\":\"es\",\"potentialAction\":[{\"@type\":\"ReadAction\",\"target\":[\"https:\/\/www.hoteldistrictnation.com\/es\/nuestras-habitaciones\/\"]}]},{\"@type\":\"BreadcrumbList\",\"@id\":\"https:\/\/www.hoteldistrictnation.com\/es\/nuestras-habitaciones\/#breadcrumb\",\"itemListElement\":[{\"@type\":\"ListItem\",\"position\":1,\"name\":\"Accueil\",\"item\":\"https:\/\/www.hoteldistrictnation.com\/es\/\"},{\"@type\":\"ListItem\",\"position\":2,\"name\":\"Nuestras habitaciones\"}]},{\"@type\":\"WebSite\",\"@id\":\"https:\/\/www.hoteldistrictnation.com\/es\/#website\",\"url\":\"https:\/\/www.hoteldistrictnation.com\/es\/\",\"name\":\"\",\"description\":\"\",\"potentialAction\":[{\"@type\":\"SearchAction\",\"target\":{\"@type\":\"EntryPoint\",\"urlTemplate\":\"https:\/\/www.hoteldistrictnation.com\/es\/?s={search_term_string}\"},\"query-input\":\"required name=search_term_string\"}],\"inLanguage\":\"es\"}]}<\/script>\n<!-- \/ Yoast SEO plugin. -->","yoast_head_json":{"title":"Nuestras habitaciones -","robots":{"index":"index","follow":"follow","max-snippet":"max-snippet:-1","max-image-preview":"max-image-preview:large","max-video-preview":"max-video-preview:-1"},"canonical":"https:\/\/www.hoteldistrictnation.com\/es\/nuestras-habitaciones\/","og_locale":"es_ES","og_type":"article","og_title":"Nuestras habitaciones -","og_description":"Durante tu estancia nuestra tienda hotel a dos pasos de la plaza de la Naci\u00f3n , en el districto 11 de Par\u00eds,d\u00e9jate seducir por la decoraci\u00f3n contempor\u00e1nea , sobrio y elegante,de nuestra 32 habitaciones con aire acondicionado. Cada una de ellas est\u00e1 completamente renovado y equipado con toda la comodidad moderna: Ba\u00f1o, ropa de cama [&hellip;]","og_url":"https:\/\/www.hoteldistrictnation.com\/es\/nuestras-habitaciones\/","article_modified_time":"2023-10-10T08:07:01+00:00","twitter_card":"summary_large_image","twitter_misc":{"Tiempo de lectura":"1 minuto"},"schema":{"@context":"https:\/\/schema.org","@graph":[{"@type":"WebPage","@id":"https:\/\/www.hoteldistrictnation.com\/es\/nuestras-habitaciones\/","url":"https:\/\/www.hoteldistrictnation.com\/es\/nuestras-habitaciones\/","name":"Nuestras habitaciones -","isPartOf":{"@id":"https:\/\/www.hoteldistrictnation.com\/es\/#website"},"datePublished":"2023-07-13T15:06:05+00:00","dateModified":"2023-10-10T08:07:01+00:00","breadcrumb":{"@id":"https:\/\/www.hoteldistrictnation.com\/es\/nuestras-habitaciones\/#breadcrumb"},"inLanguage":"es","potentialAction":[{"@type":"ReadAction","target":["https:\/\/www.hoteldistrictnation.com\/es\/nuestras-habitaciones\/"]}]},{"@type":"BreadcrumbList","@id":"https:\/\/www.hoteldistrictnation.com\/es\/nuestras-habitaciones\/#breadcrumb","itemListElement":[{"@type":"ListItem","position":1,"name":"Accueil","item":"https:\/\/www.hoteldistrictnation.com\/es\/"},{"@type":"ListItem","position":2,"name":"Nuestras habitaciones"}]},{"@type":"WebSite","@id":"https:\/\/www.hoteldistrictnation.com\/es\/#website","url":"https:\/\/www.hoteldistrictnation.com\/es\/","name":"","description":"","potentialAction":[{"@type":"SearchAction","target":{"@type":"EntryPoint","urlTemplate":"https:\/\/www.hoteldistrictnation.com\/es\/?s={search_term_string}"},"query-input":"required name=search_term_string"}],"inLanguage":"es"}]}},"acf":[],"_links":{"self":[{"href":"https:\/\/www.hoteldistrictnation.com\/es\/wp-json\/wp\/v2\/pages\/216"}],"collection":[{"href":"https:\/\/www.hoteldistrictnation.com\/es\/wp-json\/wp\/v2\/pages"}],"about":[{"href":"https:\/\/www.hoteldistrictnation.com\/es\/wp-json\/wp\/v2\/types\/page"}],"author":[{"embeddable":true,"href":"https:\/\/www.hoteldistrictnation.com\/es\/wp-json\/wp\/v2\/users\/15"}],"replies":[{"embeddable":true,"href":"https:\/\/www.hoteldistrictnation.com\/es\/wp-json\/wp\/v2\/comments?post=216"}],"version-history":[{"count":0,"href":"https:\/\/www.hoteldistrictnation.com\/es\/wp-json\/wp\/v2\/pages\/216\/revisions"}],"wp:attachment":[{"href":"https:\/\/www.hoteldistrictnation.com\/es\/wp-json\/wp\/v2\/media?parent=216"}],"curies":[{"name":"wp","href":"https:\/\/api.w.org\/{rel}","templated":true}]}}