{"id":224,"date":"2023-07-13T17:14:16","date_gmt":"2023-07-13T15:14:16","guid":{"rendered":"https:\/\/www.hoteldistrictnation.com\/?page_id=224"},"modified":"2023-10-10T17:45:33","modified_gmt":"2023-10-10T15:45:33","slug":"barrio","status":"publish","type":"page","link":"https:\/\/www.hoteldistrictnation.com\/es\/barrio\/","title":{"rendered":"Barrio"},"content":{"rendered":"<p style=\"text-align: center;\">El hotel est\u00e1 idealmente ubicado en el coraz\u00f3n del barrio de Naci\u00f3n.<\/p>\n<p style=\"text-align: center;\">La plaza de Bastille y la plaza de la Rep\u00fablica est\u00e1n todos cerca.Lado de transport , la estaci\u00f3nde metro calle des Boulets ( l\u00ednea 9) esta en la esquina de la calle y las estaciones de Lyon y Austerliz se encuentran a solo unos minutos de distancia.<\/p>\n<p style=\"text-align: center;\">Es muy f\u00e1cil y r\u00e1pido. Es muy f\u00e1cil para ir a donde quieras en Par\u00eds.<\/p>\n","protected":false},"excerpt":{"rendered":"<p>El hotel est\u00e1 idealmente ubicado en el coraz\u00f3n del barrio de Naci\u00f3n. La plaza de Bastille y la plaza de la Rep\u00fablica est\u00e1n todos cerca.Lado de transport , la estaci\u00f3nde metro calle des Boulets ( l\u00ednea 9) esta en la esquina de la calle y las estaciones de Lyon y Austerliz se encuentran a solo [&hellip;]<\/p>\n","protected":false},"author":15,"featured_media":0,"parent":0,"menu_order":0,"comment_status":"closed","ping_status":"closed","template":"template-surroundings.php","meta":{"footnotes":""},"yoast_head":"<!-- This site is optimized with the Yoast SEO plugin v22.3 - https:\/\/yoast.com\/wordpress\/plugins\/seo\/ -->\n<title>Barrio -<\/title>\n<meta name=\"robots\" content=\"index, follow, max-snippet:-1, max-image-preview:large, max-video-preview:-1\" \/>\n<link rel=\"canonical\" href=\"https:\/\/www.hoteldistrictnation.com\/es\/barrio\/\" \/>\n<meta property=\"og:locale\" content=\"es_ES\" \/>\n<meta property=\"og:type\" content=\"article\" \/>\n<meta property=\"og:title\" content=\"Barrio -\" \/>\n<meta property=\"og:description\" content=\"El hotel est\u00e1 idealmente ubicado en el coraz\u00f3n del barrio de Naci\u00f3n. La plaza de Bastille y la plaza de la Rep\u00fablica est\u00e1n todos cerca.Lado de transport , la estaci\u00f3nde metro calle des Boulets ( l\u00ednea 9) esta en la esquina de la calle y las estaciones de Lyon y Austerliz se encuentran a solo [&hellip;]\" \/>\n<meta property=\"og:url\" content=\"https:\/\/www.hoteldistrictnation.com\/es\/barrio\/\" \/>\n<meta property=\"article:modified_time\" content=\"2023-10-10T15:45:33+00:00\" \/>\n<meta name=\"twitter:card\" content=\"summary_large_image\" \/>\n<script type=\"application\/ld+json\" class=\"yoast-schema-graph\">{\"@context\":\"https:\/\/schema.org\",\"@graph\":[{\"@type\":\"WebPage\",\"@id\":\"https:\/\/www.hoteldistrictnation.com\/es\/barrio\/\",\"url\":\"https:\/\/www.hoteldistrictnation.com\/es\/barrio\/\",\"name\":\"Barrio -\",\"isPartOf\":{\"@id\":\"https:\/\/www.hoteldistrictnation.com\/es\/#website\"},\"datePublished\":\"2023-07-13T15:14:16+00:00\",\"dateModified\":\"2023-10-10T15:45:33+00:00\",\"breadcrumb\":{\"@id\":\"https:\/\/www.hoteldistrictnation.com\/es\/barrio\/#breadcrumb\"},\"inLanguage\":\"es\",\"potentialAction\":[{\"@type\":\"ReadAction\",\"target\":[\"https:\/\/www.hoteldistrictnation.com\/es\/barrio\/\"]}]},{\"@type\":\"BreadcrumbList\",\"@id\":\"https:\/\/www.hoteldistrictnation.com\/es\/barrio\/#breadcrumb\",\"itemListElement\":[{\"@type\":\"ListItem\",\"position\":1,\"name\":\"Accueil\",\"item\":\"https:\/\/www.hoteldistrictnation.com\/es\/\"},{\"@type\":\"ListItem\",\"position\":2,\"name\":\"Barrio\"}]},{\"@type\":\"WebSite\",\"@id\":\"https:\/\/www.hoteldistrictnation.com\/es\/#website\",\"url\":\"https:\/\/www.hoteldistrictnation.com\/es\/\",\"name\":\"\",\"description\":\"\",\"potentialAction\":[{\"@type\":\"SearchAction\",\"target\":{\"@type\":\"EntryPoint\",\"urlTemplate\":\"https:\/\/www.hoteldistrictnation.com\/es\/?s={search_term_string}\"},\"query-input\":\"required name=search_term_string\"}],\"inLanguage\":\"es\"}]}<\/script>\n<!-- \/ Yoast SEO plugin. -->","yoast_head_json":{"title":"Barrio -","robots":{"index":"index","follow":"follow","max-snippet":"max-snippet:-1","max-image-preview":"max-image-preview:large","max-video-preview":"max-video-preview:-1"},"canonical":"https:\/\/www.hoteldistrictnation.com\/es\/barrio\/","og_locale":"es_ES","og_type":"article","og_title":"Barrio -","og_description":"El hotel est\u00e1 idealmente ubicado en el coraz\u00f3n del barrio de Naci\u00f3n. La plaza de Bastille y la plaza de la Rep\u00fablica est\u00e1n todos cerca.Lado de transport , la estaci\u00f3nde metro calle des Boulets ( l\u00ednea 9) esta en la esquina de la calle y las estaciones de Lyon y Austerliz se encuentran a solo [&hellip;]","og_url":"https:\/\/www.hoteldistrictnation.com\/es\/barrio\/","article_modified_time":"2023-10-10T15:45:33+00:00","twitter_card":"summary_large_image","schema":{"@context":"https:\/\/schema.org","@graph":[{"@type":"WebPage","@id":"https:\/\/www.hoteldistrictnation.com\/es\/barrio\/","url":"https:\/\/www.hoteldistrictnation.com\/es\/barrio\/","name":"Barrio -","isPartOf":{"@id":"https:\/\/www.hoteldistrictnation.com\/es\/#website"},"datePublished":"2023-07-13T15:14:16+00:00","dateModified":"2023-10-10T15:45:33+00:00","breadcrumb":{"@id":"https:\/\/www.hoteldistrictnation.com\/es\/barrio\/#breadcrumb"},"inLanguage":"es","potentialAction":[{"@type":"ReadAction","target":["https:\/\/www.hoteldistrictnation.com\/es\/barrio\/"]}]},{"@type":"BreadcrumbList","@id":"https:\/\/www.hoteldistrictnation.com\/es\/barrio\/#breadcrumb","itemListElement":[{"@type":"ListItem","position":1,"name":"Accueil","item":"https:\/\/www.hoteldistrictnation.com\/es\/"},{"@type":"ListItem","position":2,"name":"Barrio"}]},{"@type":"WebSite","@id":"https:\/\/www.hoteldistrictnation.com\/es\/#website","url":"https:\/\/www.hoteldistrictnation.com\/es\/","name":"","description":"","potentialAction":[{"@type":"SearchAction","target":{"@type":"EntryPoint","urlTemplate":"https:\/\/www.hoteldistrictnation.com\/es\/?s={search_term_string}"},"query-input":"required name=search_term_string"}],"inLanguage":"es"}]}},"acf":[],"_links":{"self":[{"href":"https:\/\/www.hoteldistrictnation.com\/es\/wp-json\/wp\/v2\/pages\/224"}],"collection":[{"href":"https:\/\/www.hoteldistrictnation.com\/es\/wp-json\/wp\/v2\/pages"}],"about":[{"href":"https:\/\/www.hoteldistrictnation.com\/es\/wp-json\/wp\/v2\/types\/page"}],"author":[{"embeddable":true,"href":"https:\/\/www.hoteldistrictnation.com\/es\/wp-json\/wp\/v2\/users\/15"}],"replies":[{"embeddable":true,"href":"https:\/\/www.hoteldistrictnation.com\/es\/wp-json\/wp\/v2\/comments?post=224"}],"version-history":[{"count":0,"href":"https:\/\/www.hoteldistrictnation.com\/es\/wp-json\/wp\/v2\/pages\/224\/revisions"}],"wp:attachment":[{"href":"https:\/\/www.hoteldistrictnation.com\/es\/wp-json\/wp\/v2\/media?parent=224"}],"curies":[{"name":"wp","href":"https:\/\/api.w.org\/{rel}","templated":true}]}}