{"id":228,"date":"2023-07-13T17:35:39","date_gmt":"2023-07-13T15:35:39","guid":{"rendered":"https:\/\/www.hoteldistrictnation.com\/?page_id=228"},"modified":"2023-10-10T17:17:18","modified_gmt":"2023-10-10T15:17:18","slug":"habitacion-entresuelo","status":"publish","type":"page","link":"https:\/\/www.hoteldistrictnation.com\/es\/nuestras-habitaciones\/habitacion-entresuelo\/","title":{"rendered":"Habitaci\u00f3n Entresuelo"},"content":{"rendered":"<p style=\"text-align: center;\">Dispuesto en dos niveles, el dormitorio del entrepiso le ofrece un espacio que incluye un \u00e1rea de cocina para tener m\u00e1s posibilidades.<\/p>\n<p style=\"text-align: center;\">Ropa de cama nueva Escritorio, armario y espejo: decoraci\u00f3n realizada en colaboraci\u00f3n con Maison du Monde.<\/p>\n","protected":false},"excerpt":{"rendered":"<p>Dispuesto en dos niveles, el dormitorio del entrepiso le ofrece un espacio que incluye un \u00e1rea de cocina para tener m\u00e1s posibilidades. Ropa de cama nueva Escritorio, armario y espejo: decoraci\u00f3n realizada en colaboraci\u00f3n con Maison du Monde.<\/p>\n","protected":false},"author":15,"featured_media":0,"parent":216,"menu_order":40,"comment_status":"closed","ping_status":"closed","template":"template-single-room.php","meta":{"footnotes":""},"yoast_head":"<!-- This site is optimized with the Yoast SEO plugin v22.3 - https:\/\/yoast.com\/wordpress\/plugins\/seo\/ -->\n<title>Habitaci\u00f3n Entresuelo -<\/title>\n<meta name=\"robots\" content=\"index, follow, max-snippet:-1, max-image-preview:large, max-video-preview:-1\" \/>\n<link rel=\"canonical\" href=\"https:\/\/www.hoteldistrictnation.com\/es\/nuestras-habitaciones\/habitacion-entresuelo\/\" \/>\n<meta property=\"og:locale\" content=\"es_ES\" \/>\n<meta property=\"og:type\" content=\"article\" \/>\n<meta property=\"og:title\" content=\"Habitaci\u00f3n Entresuelo -\" \/>\n<meta property=\"og:description\" content=\"Dispuesto en dos niveles, el dormitorio del entrepiso le ofrece un espacio que incluye un \u00e1rea de cocina para tener m\u00e1s posibilidades. Ropa de cama nueva Escritorio, armario y espejo: decoraci\u00f3n realizada en colaboraci\u00f3n con Maison du Monde.\" \/>\n<meta property=\"og:url\" content=\"https:\/\/www.hoteldistrictnation.com\/es\/nuestras-habitaciones\/habitacion-entresuelo\/\" \/>\n<meta property=\"article:modified_time\" content=\"2023-10-10T15:17:18+00:00\" \/>\n<meta name=\"twitter:card\" content=\"summary_large_image\" \/>\n<script type=\"application\/ld+json\" class=\"yoast-schema-graph\">{\"@context\":\"https:\/\/schema.org\",\"@graph\":[{\"@type\":\"WebPage\",\"@id\":\"https:\/\/www.hoteldistrictnation.com\/es\/nuestras-habitaciones\/habitacion-entresuelo\/\",\"url\":\"https:\/\/www.hoteldistrictnation.com\/es\/nuestras-habitaciones\/habitacion-entresuelo\/\",\"name\":\"Habitaci\u00f3n Entresuelo -\",\"isPartOf\":{\"@id\":\"https:\/\/www.hoteldistrictnation.com\/es\/#website\"},\"datePublished\":\"2023-07-13T15:35:39+00:00\",\"dateModified\":\"2023-10-10T15:17:18+00:00\",\"breadcrumb\":{\"@id\":\"https:\/\/www.hoteldistrictnation.com\/es\/nuestras-habitaciones\/habitacion-entresuelo\/#breadcrumb\"},\"inLanguage\":\"es\",\"potentialAction\":[{\"@type\":\"ReadAction\",\"target\":[\"https:\/\/www.hoteldistrictnation.com\/es\/nuestras-habitaciones\/habitacion-entresuelo\/\"]}]},{\"@type\":\"BreadcrumbList\",\"@id\":\"https:\/\/www.hoteldistrictnation.com\/es\/nuestras-habitaciones\/habitacion-entresuelo\/#breadcrumb\",\"itemListElement\":[{\"@type\":\"ListItem\",\"position\":1,\"name\":\"Accueil\",\"item\":\"https:\/\/www.hoteldistrictnation.com\/es\/\"},{\"@type\":\"ListItem\",\"position\":2,\"name\":\"Nuestras habitaciones\",\"item\":\"https:\/\/www.hoteldistrictnation.com\/es\/nuestras-habitaciones\/\"},{\"@type\":\"ListItem\",\"position\":3,\"name\":\"Habitaci\u00f3n Entresuelo\"}]},{\"@type\":\"WebSite\",\"@id\":\"https:\/\/www.hoteldistrictnation.com\/es\/#website\",\"url\":\"https:\/\/www.hoteldistrictnation.com\/es\/\",\"name\":\"\",\"description\":\"\",\"potentialAction\":[{\"@type\":\"SearchAction\",\"target\":{\"@type\":\"EntryPoint\",\"urlTemplate\":\"https:\/\/www.hoteldistrictnation.com\/es\/?s={search_term_string}\"},\"query-input\":\"required name=search_term_string\"}],\"inLanguage\":\"es\"}]}<\/script>\n<!-- \/ Yoast SEO plugin. -->","yoast_head_json":{"title":"Habitaci\u00f3n Entresuelo -","robots":{"index":"index","follow":"follow","max-snippet":"max-snippet:-1","max-image-preview":"max-image-preview:large","max-video-preview":"max-video-preview:-1"},"canonical":"https:\/\/www.hoteldistrictnation.com\/es\/nuestras-habitaciones\/habitacion-entresuelo\/","og_locale":"es_ES","og_type":"article","og_title":"Habitaci\u00f3n Entresuelo -","og_description":"Dispuesto en dos niveles, el dormitorio del entrepiso le ofrece un espacio que incluye un \u00e1rea de cocina para tener m\u00e1s posibilidades. Ropa de cama nueva Escritorio, armario y espejo: decoraci\u00f3n realizada en colaboraci\u00f3n con Maison du Monde.","og_url":"https:\/\/www.hoteldistrictnation.com\/es\/nuestras-habitaciones\/habitacion-entresuelo\/","article_modified_time":"2023-10-10T15:17:18+00:00","twitter_card":"summary_large_image","schema":{"@context":"https:\/\/schema.org","@graph":[{"@type":"WebPage","@id":"https:\/\/www.hoteldistrictnation.com\/es\/nuestras-habitaciones\/habitacion-entresuelo\/","url":"https:\/\/www.hoteldistrictnation.com\/es\/nuestras-habitaciones\/habitacion-entresuelo\/","name":"Habitaci\u00f3n Entresuelo -","isPartOf":{"@id":"https:\/\/www.hoteldistrictnation.com\/es\/#website"},"datePublished":"2023-07-13T15:35:39+00:00","dateModified":"2023-10-10T15:17:18+00:00","breadcrumb":{"@id":"https:\/\/www.hoteldistrictnation.com\/es\/nuestras-habitaciones\/habitacion-entresuelo\/#breadcrumb"},"inLanguage":"es","potentialAction":[{"@type":"ReadAction","target":["https:\/\/www.hoteldistrictnation.com\/es\/nuestras-habitaciones\/habitacion-entresuelo\/"]}]},{"@type":"BreadcrumbList","@id":"https:\/\/www.hoteldistrictnation.com\/es\/nuestras-habitaciones\/habitacion-entresuelo\/#breadcrumb","itemListElement":[{"@type":"ListItem","position":1,"name":"Accueil","item":"https:\/\/www.hoteldistrictnation.com\/es\/"},{"@type":"ListItem","position":2,"name":"Nuestras habitaciones","item":"https:\/\/www.hoteldistrictnation.com\/es\/nuestras-habitaciones\/"},{"@type":"ListItem","position":3,"name":"Habitaci\u00f3n Entresuelo"}]},{"@type":"WebSite","@id":"https:\/\/www.hoteldistrictnation.com\/es\/#website","url":"https:\/\/www.hoteldistrictnation.com\/es\/","name":"","description":"","potentialAction":[{"@type":"SearchAction","target":{"@type":"EntryPoint","urlTemplate":"https:\/\/www.hoteldistrictnation.com\/es\/?s={search_term_string}"},"query-input":"required name=search_term_string"}],"inLanguage":"es"}]}},"acf":[],"_links":{"self":[{"href":"https:\/\/www.hoteldistrictnation.com\/es\/wp-json\/wp\/v2\/pages\/228"}],"collection":[{"href":"https:\/\/www.hoteldistrictnation.com\/es\/wp-json\/wp\/v2\/pages"}],"about":[{"href":"https:\/\/www.hoteldistrictnation.com\/es\/wp-json\/wp\/v2\/types\/page"}],"author":[{"embeddable":true,"href":"https:\/\/www.hoteldistrictnation.com\/es\/wp-json\/wp\/v2\/users\/15"}],"replies":[{"embeddable":true,"href":"https:\/\/www.hoteldistrictnation.com\/es\/wp-json\/wp\/v2\/comments?post=228"}],"version-history":[{"count":0,"href":"https:\/\/www.hoteldistrictnation.com\/es\/wp-json\/wp\/v2\/pages\/228\/revisions"}],"up":[{"embeddable":true,"href":"https:\/\/www.hoteldistrictnation.com\/es\/wp-json\/wp\/v2\/pages\/216"}],"wp:attachment":[{"href":"https:\/\/www.hoteldistrictnation.com\/es\/wp-json\/wp\/v2\/media?parent=228"}],"curies":[{"name":"wp","href":"https:\/\/api.w.org\/{rel}","templated":true}]}}