{"id":229,"date":"2023-09-06T10:03:00","date_gmt":"2023-09-06T08:03:00","guid":{"rendered":"https:\/\/www.hoteldistrictnation.com\/?page_id=229"},"modified":"2023-10-10T17:16:03","modified_gmt":"2023-10-10T15:16:03","slug":"habitacion-doble-superiore","status":"publish","type":"page","link":"https:\/\/www.hoteldistrictnation.com\/es\/nuestras-habitaciones\/habitacion-doble-superiore\/","title":{"rendered":"Habitaci\u00f3n Doble Superiore"},"content":{"rendered":"<p style=\"text-align: center;\">Ropa de cama nueva , escritorio , armario y espejo decoraci\u00f3n realizada en colaboraci\u00f3n con Maison du Monde.<\/p>\n","protected":false},"excerpt":{"rendered":"<p>Ropa de cama nueva , escritorio , armario y espejo decoraci\u00f3n realizada en colaboraci\u00f3n con Maison du Monde.<\/p>\n","protected":false},"author":15,"featured_media":0,"parent":216,"menu_order":30,"comment_status":"closed","ping_status":"closed","template":"template-single-room.php","meta":{"footnotes":""},"class_list":["post-229","page","type-page","status-publish","hentry"],"yoast_head":"<!-- This site is optimized with the Yoast SEO plugin v27.3 - https:\/\/yoast.com\/product\/yoast-seo-wordpress\/ -->\n<title>Habitaci\u00f3n Doble Superiore -<\/title>\n<meta name=\"robots\" content=\"index, follow, max-snippet:-1, max-image-preview:large, max-video-preview:-1\" \/>\n<link rel=\"canonical\" href=\"https:\/\/www.hoteldistrictnation.com\/es\/nuestras-habitaciones\/habitacion-doble-superiore\/\" \/>\n<meta property=\"og:locale\" content=\"es_ES\" \/>\n<meta property=\"og:type\" content=\"article\" \/>\n<meta property=\"og:title\" content=\"Habitaci\u00f3n Doble Superiore -\" \/>\n<meta property=\"og:description\" content=\"Ropa de cama nueva , escritorio , armario y espejo decoraci\u00f3n realizada en colaboraci\u00f3n con Maison du Monde.\" \/>\n<meta property=\"og:url\" content=\"https:\/\/www.hoteldistrictnation.com\/es\/nuestras-habitaciones\/habitacion-doble-superiore\/\" \/>\n<meta property=\"article:modified_time\" content=\"2023-10-10T15:16:03+00:00\" \/>\n<meta name=\"twitter:card\" content=\"summary_large_image\" \/>\n<script type=\"application\/ld+json\" class=\"yoast-schema-graph\">{\"@context\":\"https:\\\/\\\/schema.org\",\"@graph\":[{\"@type\":\"WebPage\",\"@id\":\"https:\\\/\\\/www.hoteldistrictnation.com\\\/es\\\/nuestras-habitaciones\\\/habitacion-doble-superiore\\\/\",\"url\":\"https:\\\/\\\/www.hoteldistrictnation.com\\\/es\\\/nuestras-habitaciones\\\/habitacion-doble-superiore\\\/\",\"name\":\"Habitaci\u00f3n Doble Superiore -\",\"isPartOf\":{\"@id\":\"https:\\\/\\\/www.hoteldistrictnation.com\\\/es\\\/#website\"},\"datePublished\":\"2023-09-06T08:03:00+00:00\",\"dateModified\":\"2023-10-10T15:16:03+00:00\",\"breadcrumb\":{\"@id\":\"https:\\\/\\\/www.hoteldistrictnation.com\\\/es\\\/nuestras-habitaciones\\\/habitacion-doble-superiore\\\/#breadcrumb\"},\"inLanguage\":\"es\",\"potentialAction\":[{\"@type\":\"ReadAction\",\"target\":[\"https:\\\/\\\/www.hoteldistrictnation.com\\\/es\\\/nuestras-habitaciones\\\/habitacion-doble-superiore\\\/\"]}]},{\"@type\":\"BreadcrumbList\",\"@id\":\"https:\\\/\\\/www.hoteldistrictnation.com\\\/es\\\/nuestras-habitaciones\\\/habitacion-doble-superiore\\\/#breadcrumb\",\"itemListElement\":[{\"@type\":\"ListItem\",\"position\":1,\"name\":\"Accueil\",\"item\":\"https:\\\/\\\/www.hoteldistrictnation.com\\\/es\\\/\"},{\"@type\":\"ListItem\",\"position\":2,\"name\":\"Nuestras habitaciones\",\"item\":\"https:\\\/\\\/www.hoteldistrictnation.com\\\/es\\\/nuestras-habitaciones\\\/\"},{\"@type\":\"ListItem\",\"position\":3,\"name\":\"Habitaci\u00f3n Doble Superiore\"}]},{\"@type\":\"WebSite\",\"@id\":\"https:\\\/\\\/www.hoteldistrictnation.com\\\/es\\\/#website\",\"url\":\"https:\\\/\\\/www.hoteldistrictnation.com\\\/es\\\/\",\"name\":\"\",\"description\":\"\",\"potentialAction\":[{\"@type\":\"SearchAction\",\"target\":{\"@type\":\"EntryPoint\",\"urlTemplate\":\"https:\\\/\\\/www.hoteldistrictnation.com\\\/es\\\/?s={search_term_string}\"},\"query-input\":{\"@type\":\"PropertyValueSpecification\",\"valueRequired\":true,\"valueName\":\"search_term_string\"}}],\"inLanguage\":\"es\"}]}<\/script>\n<!-- \/ Yoast SEO plugin. -->","yoast_head_json":{"title":"Habitaci\u00f3n Doble Superiore -","robots":{"index":"index","follow":"follow","max-snippet":"max-snippet:-1","max-image-preview":"max-image-preview:large","max-video-preview":"max-video-preview:-1"},"canonical":"https:\/\/www.hoteldistrictnation.com\/es\/nuestras-habitaciones\/habitacion-doble-superiore\/","og_locale":"es_ES","og_type":"article","og_title":"Habitaci\u00f3n Doble Superiore -","og_description":"Ropa de cama nueva , escritorio , armario y espejo decoraci\u00f3n realizada en colaboraci\u00f3n con Maison du Monde.","og_url":"https:\/\/www.hoteldistrictnation.com\/es\/nuestras-habitaciones\/habitacion-doble-superiore\/","article_modified_time":"2023-10-10T15:16:03+00:00","twitter_card":"summary_large_image","schema":{"@context":"https:\/\/schema.org","@graph":[{"@type":"WebPage","@id":"https:\/\/www.hoteldistrictnation.com\/es\/nuestras-habitaciones\/habitacion-doble-superiore\/","url":"https:\/\/www.hoteldistrictnation.com\/es\/nuestras-habitaciones\/habitacion-doble-superiore\/","name":"Habitaci\u00f3n Doble Superiore -","isPartOf":{"@id":"https:\/\/www.hoteldistrictnation.com\/es\/#website"},"datePublished":"2023-09-06T08:03:00+00:00","dateModified":"2023-10-10T15:16:03+00:00","breadcrumb":{"@id":"https:\/\/www.hoteldistrictnation.com\/es\/nuestras-habitaciones\/habitacion-doble-superiore\/#breadcrumb"},"inLanguage":"es","potentialAction":[{"@type":"ReadAction","target":["https:\/\/www.hoteldistrictnation.com\/es\/nuestras-habitaciones\/habitacion-doble-superiore\/"]}]},{"@type":"BreadcrumbList","@id":"https:\/\/www.hoteldistrictnation.com\/es\/nuestras-habitaciones\/habitacion-doble-superiore\/#breadcrumb","itemListElement":[{"@type":"ListItem","position":1,"name":"Accueil","item":"https:\/\/www.hoteldistrictnation.com\/es\/"},{"@type":"ListItem","position":2,"name":"Nuestras habitaciones","item":"https:\/\/www.hoteldistrictnation.com\/es\/nuestras-habitaciones\/"},{"@type":"ListItem","position":3,"name":"Habitaci\u00f3n Doble Superiore"}]},{"@type":"WebSite","@id":"https:\/\/www.hoteldistrictnation.com\/es\/#website","url":"https:\/\/www.hoteldistrictnation.com\/es\/","name":"","description":"","potentialAction":[{"@type":"SearchAction","target":{"@type":"EntryPoint","urlTemplate":"https:\/\/www.hoteldistrictnation.com\/es\/?s={search_term_string}"},"query-input":{"@type":"PropertyValueSpecification","valueRequired":true,"valueName":"search_term_string"}}],"inLanguage":"es"}]}},"acf":[],"_links":{"self":[{"href":"https:\/\/www.hoteldistrictnation.com\/es\/wp-json\/wp\/v2\/pages\/229","targetHints":{"allow":["GET"]}}],"collection":[{"href":"https:\/\/www.hoteldistrictnation.com\/es\/wp-json\/wp\/v2\/pages"}],"about":[{"href":"https:\/\/www.hoteldistrictnation.com\/es\/wp-json\/wp\/v2\/types\/page"}],"author":[{"embeddable":true,"href":"https:\/\/www.hoteldistrictnation.com\/es\/wp-json\/wp\/v2\/users\/15"}],"replies":[{"embeddable":true,"href":"https:\/\/www.hoteldistrictnation.com\/es\/wp-json\/wp\/v2\/comments?post=229"}],"version-history":[{"count":0,"href":"https:\/\/www.hoteldistrictnation.com\/es\/wp-json\/wp\/v2\/pages\/229\/revisions"}],"up":[{"embeddable":true,"href":"https:\/\/www.hoteldistrictnation.com\/es\/wp-json\/wp\/v2\/pages\/216"}],"wp:attachment":[{"href":"https:\/\/www.hoteldistrictnation.com\/es\/wp-json\/wp\/v2\/media?parent=229"}],"curies":[{"name":"wp","href":"https:\/\/api.w.org\/{rel}","templated":true}]}}