{"id":246,"date":"2023-08-28T15:49:03","date_gmt":"2023-08-28T13:49:03","guid":{"rendered":"https:\/\/www.hoteldistrictnation.com\/?page_id=246"},"modified":"2023-10-10T20:35:44","modified_gmt":"2023-10-10T18:35:44","slug":"informazioni-legali","status":"publish","type":"page","link":"https:\/\/www.hoteldistrictnation.com\/it\/informazioni-legali\/","title":{"rendered":"Informazioni legali"},"content":{"rendered":"<p><strong>L&#8217;editore dell&#8217;impresa, organi :<\/strong><br \/>\nH\u00f4tel District Nation<br \/>\nURL : <a href=\"https:\/\/www.hoteldistrictnation.com\/it\/\">http:\/\/www.hoteldistrictnation.com<\/a><br \/>\nRaison sociale :<br \/>\nSARL AURASSY<br \/>\n12 rue Gu\u00e9not 75011 Paris<br \/>\nTel : +33 1 43 71 37 22<br \/>\ncontact@hoteldistrictnation.com<br \/>\nCapital social : 8 000 \u20ac<br \/>\nTVA Intracom. : FR 92 487 707 523<br \/>\nSIRET : 487 707 523 000 48<br \/>\nRCS : PARIS<br \/>\nDirettore editoriale, rappresentante legale, responsabile della protezione dei dati, responsabile editoriale:<br \/>\nMme CASTEL Alexandra<\/p>\n<p><strong>Designer grafici e multimediali<\/strong><br \/>\nWeb master, conception : D-EDGE<br \/>\nSite : https:\/\/www.d-edge.com\/fr\/<br \/>\nIndirizzo postale: con sede legale in 66 rue des archives \u2013 75003 Paris.<br \/>\nTelefono : +33 (0) 1 76 44 04 35<br \/>\nSIREN : 431 513 852<br \/>\nFotografia<br \/>\nFoto senza diritti d&#8217;autore<br \/>\nFotografo :<br \/>\nDavid ELALOUF : https:\/\/davidelaloufphoto.com\/<\/p>\n<p><strong>l provider di hosting<\/strong><br \/>\nD.EDGE \u2013 66 rue des archives \u2013 75003 Paris<br \/>\nTelefono : +33 (0) 1 76 44 04 35<br \/>\nSite : https:\/\/www.d-edge.com\/fr\/<\/p>\n<p><strong>Conformit\u00e0 alla legge vigente<\/strong><br \/>\nQuesto sito presenta :<br \/>\nContenuti informativi<br \/>\nRaccolta dati online<br \/>\nLegge francese sulla protezione dei dati personali: questo sito \u00e8 stato dichiarato alla Commission Nationale Informatique et Libert\u00e9. Avete il diritto di accedere, modificare, correggere e cancellare i vostri dati personali (art. 34 della legge francese sulla protezione dei dati).Pour faire usage de ce droit, veuillez contacter : contact@hoteldistrictnation.com<br \/>\nLe informazioni raccolte sono destinate all&#8217;uso del District Nation Hotel e non possono essere trasferite a terzi..<br \/>\nPropriet\u00e0: Questo sito e le informazioni in esso contenute sono protette dalla legislazione francese sulla propriet\u00e0 intellettuale e da accordi internazionali. Fatta eccezione per l&#8217;uso da parte dei familiari pi\u00f9 stretti o per uso privato, \u00e8 vietato riprodurre, ripubblicare, ritrascrivere, modificare o diffondere questo sito o qualsiasi suo contenuto senza previa autorizzazione del titolare del copyright.<\/p>\n<p><strong>Copyright<\/strong><br \/>\nIl contenuto del sito e in particolare, ma non esclusivamente, i testi, le fotografie, il layout, la carta grafica, i marchi, i loghi e gli altri segni distintivi che compaiono su questo sito sono protetti da diritti di propriet\u00e0 intellettuale e sono di esclusiva propriet\u00e0 del District Nation Hotel. Possono essere utilizzati solo previa autorizzazione di quest&#8217;ultima.<br \/>\nNonostante la cura posta nella creazione di questo sito e nel suo regolare aggiornamento, \u00e8 possibile che si siano insinuati degli errori nelle informazioni e\/o nei documenti presentati. Gli utenti del sito sono pertanto invitati a effettuare le necessarie verifiche. In nessun caso il District Nation l&#8217;Hotel non potr\u00e0 essere ritenuto responsabile per qualsiasi danno diretto o indiretto derivante dall&#8217;accesso a questo sito e\/o dall&#8217;utilizzo del suo contenuto.<\/p>\n<p><strong>Accesso al sito<\/strong><br \/>\nDistrict Nation Hotel si riserva il diritto di modificare, terminare, sospendere o interrompere in qualsiasi momento, per qualsiasi motivo e a sua esclusiva discrezione, l&#8217;accesso a tutto o parte del sito, compresi in particolare i contenuti, le funzionalit\u00e0 o gli orari di disponibilit\u00e0, senza preavviso.<\/p>\n<p><strong>Aggiornamento<\/strong><br \/>\nRicordiamo che il contenuto del sito pu\u00f2 contenere imprecisioni o omissioni e che tale contenuto pu\u00f2 essere modificato o aggiornato con breve preavviso. In nessun caso www.gardenelysee.com potr\u00e0 essere ritenuto responsabile per qualsiasi danno diretto o indiretto derivante dall&#8217;accesso a questo sito e\/o dall&#8217;utilizzo del suo contenuto.<br \/>\nSe notate un collegamento interrotto, un&#8217;omissione o un errore, siete pregati di informare l&#8217;editore (H\u00f4tel District Nation) via e-mail, telefono o posta utilizzando i dati di contatto in cima alla pagina.<\/p>\n","protected":false},"excerpt":{"rendered":"<p>L&#8217;editore dell&#8217;impresa, organi : H\u00f4tel District Nation URL : http:\/\/www.hoteldistrictnation.com Raison sociale : SARL AURASSY 12 rue Gu\u00e9not 75011 Paris Tel : +33 1 43 71 37 22 contact@hoteldistrictnation.com Capital social : 8 000 \u20ac TVA Intracom. : FR 92 487 707 523 SIRET : 487 707 523 000 48 RCS : PARIS Direttore editoriale, [&hellip;]<\/p>\n","protected":false},"author":15,"featured_media":0,"parent":0,"menu_order":0,"comment_status":"closed","ping_status":"closed","template":"template-default-4.php","meta":{"footnotes":""},"yoast_head":"<!-- This site is optimized with the Yoast SEO plugin v22.3 - https:\/\/yoast.com\/wordpress\/plugins\/seo\/ -->\n<title>Informazioni legali -<\/title>\n<meta name=\"robots\" content=\"index, follow, max-snippet:-1, max-image-preview:large, max-video-preview:-1\" \/>\n<link rel=\"canonical\" href=\"https:\/\/www.hoteldistrictnation.com\/it\/informazioni-legali\/\" \/>\n<meta property=\"og:locale\" content=\"it_IT\" \/>\n<meta property=\"og:type\" content=\"article\" \/>\n<meta property=\"og:title\" content=\"Informazioni legali -\" \/>\n<meta property=\"og:description\" content=\"L&#8217;editore dell&#8217;impresa, organi : H\u00f4tel District Nation URL : http:\/\/www.hoteldistrictnation.com Raison sociale : SARL AURASSY 12 rue Gu\u00e9not 75011 Paris Tel : +33 1 43 71 37 22 contact@hoteldistrictnation.com Capital social : 8 000 \u20ac TVA Intracom. : FR 92 487 707 523 SIRET : 487 707 523 000 48 RCS : PARIS Direttore editoriale, [&hellip;]\" \/>\n<meta property=\"og:url\" content=\"https:\/\/www.hoteldistrictnation.com\/it\/informazioni-legali\/\" \/>\n<meta property=\"article:modified_time\" content=\"2023-10-10T18:35:44+00:00\" \/>\n<meta name=\"twitter:card\" content=\"summary_large_image\" \/>\n<meta name=\"twitter:label1\" content=\"Tempo di lettura stimato\" \/>\n\t<meta name=\"twitter:data1\" content=\"2 minuti\" \/>\n<script type=\"application\/ld+json\" class=\"yoast-schema-graph\">{\"@context\":\"https:\/\/schema.org\",\"@graph\":[{\"@type\":\"WebPage\",\"@id\":\"https:\/\/www.hoteldistrictnation.com\/it\/informazioni-legali\/\",\"url\":\"https:\/\/www.hoteldistrictnation.com\/it\/informazioni-legali\/\",\"name\":\"Informazioni legali -\",\"isPartOf\":{\"@id\":\"https:\/\/www.hoteldistrictnation.com\/it\/#website\"},\"datePublished\":\"2023-08-28T13:49:03+00:00\",\"dateModified\":\"2023-10-10T18:35:44+00:00\",\"breadcrumb\":{\"@id\":\"https:\/\/www.hoteldistrictnation.com\/it\/informazioni-legali\/#breadcrumb\"},\"inLanguage\":\"it-IT\",\"potentialAction\":[{\"@type\":\"ReadAction\",\"target\":[\"https:\/\/www.hoteldistrictnation.com\/it\/informazioni-legali\/\"]}]},{\"@type\":\"BreadcrumbList\",\"@id\":\"https:\/\/www.hoteldistrictnation.com\/it\/informazioni-legali\/#breadcrumb\",\"itemListElement\":[{\"@type\":\"ListItem\",\"position\":1,\"name\":\"Accueil\",\"item\":\"https:\/\/www.hoteldistrictnation.com\/it\/\"},{\"@type\":\"ListItem\",\"position\":2,\"name\":\"Informazioni legali\"}]},{\"@type\":\"WebSite\",\"@id\":\"https:\/\/www.hoteldistrictnation.com\/it\/#website\",\"url\":\"https:\/\/www.hoteldistrictnation.com\/it\/\",\"name\":\"\",\"description\":\"\",\"potentialAction\":[{\"@type\":\"SearchAction\",\"target\":{\"@type\":\"EntryPoint\",\"urlTemplate\":\"https:\/\/www.hoteldistrictnation.com\/it\/?s={search_term_string}\"},\"query-input\":\"required name=search_term_string\"}],\"inLanguage\":\"it-IT\"}]}<\/script>\n<!-- \/ Yoast SEO plugin. -->","yoast_head_json":{"title":"Informazioni legali -","robots":{"index":"index","follow":"follow","max-snippet":"max-snippet:-1","max-image-preview":"max-image-preview:large","max-video-preview":"max-video-preview:-1"},"canonical":"https:\/\/www.hoteldistrictnation.com\/it\/informazioni-legali\/","og_locale":"it_IT","og_type":"article","og_title":"Informazioni legali -","og_description":"L&#8217;editore dell&#8217;impresa, organi : H\u00f4tel District Nation URL : http:\/\/www.hoteldistrictnation.com Raison sociale : SARL AURASSY 12 rue Gu\u00e9not 75011 Paris Tel : +33 1 43 71 37 22 contact@hoteldistrictnation.com Capital social : 8 000 \u20ac TVA Intracom. : FR 92 487 707 523 SIRET : 487 707 523 000 48 RCS : PARIS Direttore editoriale, [&hellip;]","og_url":"https:\/\/www.hoteldistrictnation.com\/it\/informazioni-legali\/","article_modified_time":"2023-10-10T18:35:44+00:00","twitter_card":"summary_large_image","twitter_misc":{"Tempo di lettura stimato":"2 minuti"},"schema":{"@context":"https:\/\/schema.org","@graph":[{"@type":"WebPage","@id":"https:\/\/www.hoteldistrictnation.com\/it\/informazioni-legali\/","url":"https:\/\/www.hoteldistrictnation.com\/it\/informazioni-legali\/","name":"Informazioni legali -","isPartOf":{"@id":"https:\/\/www.hoteldistrictnation.com\/it\/#website"},"datePublished":"2023-08-28T13:49:03+00:00","dateModified":"2023-10-10T18:35:44+00:00","breadcrumb":{"@id":"https:\/\/www.hoteldistrictnation.com\/it\/informazioni-legali\/#breadcrumb"},"inLanguage":"it-IT","potentialAction":[{"@type":"ReadAction","target":["https:\/\/www.hoteldistrictnation.com\/it\/informazioni-legali\/"]}]},{"@type":"BreadcrumbList","@id":"https:\/\/www.hoteldistrictnation.com\/it\/informazioni-legali\/#breadcrumb","itemListElement":[{"@type":"ListItem","position":1,"name":"Accueil","item":"https:\/\/www.hoteldistrictnation.com\/it\/"},{"@type":"ListItem","position":2,"name":"Informazioni legali"}]},{"@type":"WebSite","@id":"https:\/\/www.hoteldistrictnation.com\/it\/#website","url":"https:\/\/www.hoteldistrictnation.com\/it\/","name":"","description":"","potentialAction":[{"@type":"SearchAction","target":{"@type":"EntryPoint","urlTemplate":"https:\/\/www.hoteldistrictnation.com\/it\/?s={search_term_string}"},"query-input":"required name=search_term_string"}],"inLanguage":"it-IT"}]}},"acf":[],"_links":{"self":[{"href":"https:\/\/www.hoteldistrictnation.com\/it\/wp-json\/wp\/v2\/pages\/246"}],"collection":[{"href":"https:\/\/www.hoteldistrictnation.com\/it\/wp-json\/wp\/v2\/pages"}],"about":[{"href":"https:\/\/www.hoteldistrictnation.com\/it\/wp-json\/wp\/v2\/types\/page"}],"author":[{"embeddable":true,"href":"https:\/\/www.hoteldistrictnation.com\/it\/wp-json\/wp\/v2\/users\/15"}],"replies":[{"embeddable":true,"href":"https:\/\/www.hoteldistrictnation.com\/it\/wp-json\/wp\/v2\/comments?post=246"}],"version-history":[{"count":0,"href":"https:\/\/www.hoteldistrictnation.com\/it\/wp-json\/wp\/v2\/pages\/246\/revisions"}],"wp:attachment":[{"href":"https:\/\/www.hoteldistrictnation.com\/it\/wp-json\/wp\/v2\/media?parent=246"}],"curies":[{"name":"wp","href":"https:\/\/api.w.org\/{rel}","templated":true}]}}